{"id":2626,"date":"2022-04-05T13:41:15","date_gmt":"2022-04-05T13:41:15","guid":{"rendered":"http:\/\/s905490212.online.de\/association-charter"},"modified":"2025-05-28T14:44:51","modified_gmt":"2025-05-28T14:44:51","slug":"association-charter","status":"publish","type":"page","link":"https:\/\/hostnationcouncil.de\/en\/association-charter","title":{"rendered":"Association charter"},"content":{"rendered":"<p>[et_pb_section fb_built=&#8221;1&#8243; _builder_version=&#8221;4.16.1&#8243; _module_preset=&#8221;default&#8221; background_enable_image=&#8221;off&#8221; custom_padding=&#8221;35px||0px|||&#8221; background_last_edited=&#8221;off|phone&#8221; background_position_tablet=&#8221;top_left&#8221; background_horizontal_offset_tablet=&#8221;14%&#8221; background_vertical_offset_tablet=&#8221;-161px&#8221; global_colors_info=&#8221;{}&#8221; theme_builder_area=&#8221;post_content&#8221;][et_pb_row _builder_version=&#8221;4.16.1&#8243; _module_preset=&#8221;default&#8221; custom_padding=&#8221;0px||10px||false|false&#8221; global_colors_info=&#8221;{}&#8221; theme_builder_area=&#8221;post_content&#8221;][et_pb_column type=&#8221;4_4&#8243; _builder_version=&#8221;4.16.1&#8243; _module_preset=&#8221;default&#8221; global_colors_info=&#8221;{}&#8221; theme_builder_area=&#8221;post_content&#8221;][et_pb_post_title _builder_version=&#8221;4.16.1&#8243; _module_preset=&#8221;default&#8221; global_colors_info=&#8221;{}&#8221; theme_builder_area=&#8221;post_content&#8221;][\/et_pb_post_title][\/et_pb_column][\/et_pb_row][et_pb_row _builder_version=&#8221;4.16.1&#8243; _module_preset=&#8221;default&#8221; custom_padding=&#8221;4px|||||&#8221; global_colors_info=&#8221;{}&#8221; theme_builder_area=&#8221;post_content&#8221;][et_pb_column type=&#8221;4_4&#8243; _builder_version=&#8221;4.16.1&#8243; _module_preset=&#8221;default&#8221; global_colors_info=&#8221;{}&#8221; theme_builder_area=&#8221;post_content&#8221;][et_pb_text _builder_version=&#8221;4.16.1&#8243; _module_preset=&#8221;default&#8221; global_colors_info=&#8221;{}&#8221; theme_builder_area=&#8221;post_content&#8221;]<\/p>\n<h3>(in the version of January 28, 2010)<\/h3>\n<p><strong>\u00a7 1 Name, Seat and Fiscal Year<\/strong><\/p>\n<p>The association bears the name &#8220;Host Nation Council Spangdahlem e.V.&#8221;. The seat of the association is Bitburg. The association is registered at the district court of Bitburg. The business year corresponds to the calendar year. The 1st fiscal year is a short fiscal year and ends on 31.12.2003. <\/p>\n<p><strong>\u00a7 2 Purpose and goals<\/strong><\/p>\n<p>Purpose of the association is:<\/p>\n<ul>\n<li>the promotion of an international spirit, tolerance in all areas of culture and the idea of international understanding<\/li>\n<li>the promotion of art and culture<\/li>\n<li>the promotion of education, national and professional training<\/li>\n<li>the promotion of fire protection, occupational safety, disaster prevention and civil protection as well as accident prevention<\/li>\n<li>the promotion of sports<\/li>\n<li>the promotion of the preservation of local history and local lore<\/li>\n<\/ul>\n<h3>In particular, the association pursues the following purposes:<\/h3>\n<ul>\n<li>Strengthening of German-American relations through the cultivation and intensification of friendly contacts with the American soldiers and their families<\/li>\n<li>Organization of cultural, sporting and social events in the regional environment of the American airfield Spangdahlem<\/li>\n<li>Promoting the exchange of culture and language<\/li>\n<li>Establishing and maintaining contacts with American institutions and decision-makers<\/li>\n<\/ul>\n<h3>The association strives for close cooperation with the American community of Spangdahlem Airfield and with the German communities in the vicinity of the airfield.<\/h3>\n<p><strong> \u00a7 3 Non-profit status<\/strong><\/p>\n<p>The Association shall exclusively and directly pursue charitable purposes within the meaning of the section &#8220;Tax-privileged Purposes&#8221; of the German Tax Code. The Association shall act selflessly and shall not primarily pursue its own economic purposes. The Association&#8217;s funds may only be used for purposes in accordance with the Articles of Association. No person may be favored by expenses that are alien to the purpose of the corporation or by disproportionately high remuneration. Members shall not receive any benefits from the funds of the Association.<\/p>\n<p><strong> \u00a7 4 Means of the Association<\/strong> The association receives funds for the fulfillment of its tasks through<\/p>\n<ul>\n<li>Contributions of the members,<\/li>\n<li>donations in cash and in kind,<\/li>\n<li>proceeds from events,<\/li>\n<li>public subsidies.<\/li>\n<\/ul>\n<p><strong>\u00a7 5 Membership<\/strong><\/p>\n<p>Natural and legal persons can become members of the association. The application for membership has to be sent in writing to the board. The board decides on the admission by resolution. If an application for membership is rejected by the board, the reasons for this must be communicated to the general meeting upon request. Membership in the Association shall be terminated by the death of a member or the dissolution of the legal entity, by voluntary resignation or by expulsion from the Association. Ein freiwilliger Austritt aus dem Verein ist dem Vorstand schriftlich mitzuteilen. Er kann nur zum Ende des Kalenderjahres unter Einhaltung einer Dreimonatsfrist erfolgen. The board can exclude a member if he violates the statutes or has not paid the membership fee for more than one year or if he behaves in a way that is detrimental to the association.<\/p>\n<p><strong>\u00a7 6 Bodies of the Association<\/strong><\/p>\n<p>Organs of the association are<\/p>\n<ul>\n<li>the general meeting,<\/li>\n<li>the board of directors,<\/li>\n<li>the auditors<\/li>\n<\/ul>\n<p><strong>\u00a7 7 General Meeting<\/strong><\/p>\n<p>The general meeting shall be convened by the chairman in consultation with the board at least once a year. An extraordinary general meeting must be held if 10 percent of the members request this in writing, stating the items to be discussed. The general meetings are to be convened at least two weeks before the date, stating the agenda, by means of the &#8220;Kreisnachrichten Bitburg-Pr\u00fcm&#8221; and the &#8220;Kreisnachrichten Bernkastel-Wittlich&#8221;. Each properly convened general meeting constitutes a quorum. Resolutions of the General Meeting shall be passed by a simple majority; in the event of a tie, a motion shall be deemed rejected. Die Mitgliederversammlung w\u00e4hlt und entlastet den Vorstand, w\u00e4hlt die Rechnungspr\u00fcfer und fasst Beschl\u00fcsse \u00fcber alle grunds\u00e4tzlichen Angelegenheiten des Vereins. Auf der j\u00e4hrlichen Mitgliederversammlung ist jeweils vom Vorstand ein Rechenschaftsbericht und ein Kassenbericht zu erstatten. Die Rechnungspr\u00fcfer erstatten der Mitgliederversamm-lung hierzu einen Pr\u00fcfbericht. \u00dcber jede Mitgliederversammlung ist ein Protokoll zu fertigen, das vom Vorsitzenden der Versammlung und vom Schriftf\u00fchrer unterzeichnet wird. Every member is entitled to inspect the minutes. <\/p>\n<p><strong>\u00a7 8 Board of Directors<\/strong><\/p>\n<p>The board consists of<\/p>\n<ul>\n<li>the chairperson<\/li>\n<li>a maximum of three deputy chairpersons<\/li>\n<li>the secretary<\/li>\n<li>the treasurer<\/li>\n<li>a maximum of twelve assessors<\/li>\n<\/ul>\n<p>The board members are to be elected by secret ballot and in separate ballots. The general meeting can decide with 2\/3 majority of the present members to carry out the elections in open ballot. The following are members of the board as born members, who are not to be elected by the general meeting:<\/p>\n<ul>\n<li>the district administrators (or a deputy appointed by him\/her) of the districts of \u2022\u00a0 Eifelkreis Bitburg-Pr\u00fcm, \u2022\u00a0 Bernkastel-Wittlich district, \u2022\u00a0 Trier-Saarburg district, \u2022\u00a0 County of Vulkaneifel<\/li>\n<li>dthe Lord Mayor of the City of Trier (or a deputy appointed by him\/her)<\/li>\n<li>dthe mayors of the municipalities of Speicher and Wittlich-Land<\/li>\n<li>the mayors of the municipalities of Binsfeld and Spangdahlem as representatives of the member municipalities on whose territory the US Air Base is located.<\/li>\n<\/ul>\n<p>The executive board in the sense of \u00a7 26 BGB (German Civil Code) is the chairman and the vice-chairmen. They represent the association judicially and extrajudicially. Each of them is authorized to represent the association alone. According to the internal regulation of responsibilities of the board, the deputy chairpersons are in principle only appointed to represent the association if the chairperson is prevented or if they are commissioned by the chairperson. The term of office of the Executive Board is 3 years. It remains in office until the statutory appointment of a new board. The board has a quorum if at least the chairperson and four other board members are present. If the board is not quorate at a properly convened meeting, a further board meeting may be convened within 14 days, which shall then be quorate irrespective of the number of board members present. This procedure must be pointed out in the invitation. The board of directors has to fulfill the following tasks: a) the management of the association, b) the preparation of the General Assembly and the implementation of its resolutions, c) the administration of the association&#8217;s assets, d) the appointment of committees for special purposes. The Board may appoint a Managing Director to manage the business of the Association. If necessary, the Executive Board may adopt rules of procedure. The board makes its decisions by simple majority. <\/p>\n<p><strong>\u00a7 8a Honorary chairmanship<\/strong><\/p>\n<p>The General Assembly may elect natural persons who have rendered outstanding services to the Association and are members of the Association as Honorary Chairperson of the Association. The elected honorary chairperson is a member of the association&#8217;s board with voting rights. <\/p>\n<p><strong>\u00a7 9 Audit of accounts<\/strong><\/p>\n<p>The General Assembly shall elect two auditors from among its members, who may not be members of the Board. The term of office of the auditors is identical to that of the board. The task of the auditors is to check the proper financial management of the Association. They shall report on this annually at the General Meeting. <\/p>\n<p><strong>\u00a7 10\u00a0 Contributions<\/strong><\/p>\n<p>The general meeting decides on membership fees. Staggered contributions may be levied. The General Meeting shall decide on the levying of an admission fee. <\/p>\n<p><strong>\u00a7 11\u00a0 Amendments to the charter<\/strong><\/p>\n<p>Amendments to the charter require a majority of at least 2\/3 of the members present. <\/p>\n<p><strong>\u00a7 12 Dissolution of the Association<\/strong><\/p>\n<p>The dissolution of the Association can only be decided in a General Meeting specially convened for this purpose with a 2\/3 majority of the members of the Association. In the event of a lack of quorum, a new general meeting with the same agenda must be convened within 4 weeks in accordance with the regulations, which can then decide on the dissolution with a simple majority of those present, irrespective of the number of members present. This procedural provision must be pointed out in the invitation. The liquidation is carried out by the board of directors. In the event of the dissolution of the Association or the discontinuation of the tax-privileged purpose, the assets of the Association shall fall to the district of Bitburg-Pr\u00fcm and the association municipalities belonging to the Association or the towns not belonging to the Association, proportionately in accordance with the membership fees paid by these bodies (annual membership fee &#8211; in the case of association municipalities including the associated local municipalities). The funds are to be used by the beneficiaries exclusively for charitable purposes. <\/p>\n<p><strong>\u00a7 13 Entry into force<\/strong><\/p>\n<p>The charter shall come into force as soon as they have been duly adopted by the founding meeting (general meeting). The 3rd amendment by resolution of the General Meeting on January 11, 2007 (\u00a7 8) shall enter into force retroactively as of January 1, 2007. If you need further information, please feel free to contact us via our contact form.<\/p>\n<p>[\/et_pb_text][et_pb_button button_url=&#8221;https:\/\/hostnationcouncil.de\/en\/general-contact-form-of-the-hnc-spangdahlem-e-v&#8221; button_text=&#8221;Contact form&#8221; _builder_version=&#8221;4.16.1&#8243; button_text_color_hover=&#8221;#ffffff&#8221; button_letter_spacing_hover=&#8221;3px&#8221; global_colors_info=&#8221;{}&#8221; button_one_text_size__hover_enabled=&#8221;off&#8221; button_two_text_size__hover_enabled=&#8221;off&#8221; button_one_text_color__hover_enabled=&#8221;off&#8221; button_two_text_color__hover_enabled=&#8221;off&#8221; button_one_border_width__hover_enabled=&#8221;off&#8221; button_two_border_width__hover_enabled=&#8221;off&#8221; button_one_border_color__hover_enabled=&#8221;off&#8221; button_two_border_color__hover_enabled=&#8221;off&#8221; button_one_border_radius__hover_enabled=&#8221;off&#8221; button_two_border_radius__hover_enabled=&#8221;off&#8221; button_one_letter_spacing__hover_enabled=&#8221;off&#8221; button_two_letter_spacing__hover_enabled=&#8221;off&#8221; button_one_bg_color__hover_enabled=&#8221;off&#8221; button_two_bg_color__hover_enabled=&#8221;off&#8221; theme_builder_area=&#8221;post_content&#8221;][\/et_pb_button][\/et_pb_column][\/et_pb_row][\/et_pb_section]<\/p>\n","protected":false},"excerpt":{"rendered":"<p>(in the version of January 28, 2010) \u00a7 1 Name, Seat and Fiscal Year The association bears the name &#8220;Host Nation Council Spangdahlem e.V.&#8221;. The seat of the association is Bitburg. The association is registered at the district court of Bitburg. The business year corresponds to the calendar year. The 1st fiscal year is a [&hellip;]<\/p>\n","protected":false},"author":1,"featured_media":0,"parent":0,"menu_order":0,"comment_status":"closed","ping_status":"closed","template":"","meta":{"_et_pb_use_builder":"on","_et_pb_old_content":"","_et_gb_content_width":"","footnotes":""},"class_list":["post-2626","page","type-page","status-publish","hentry"],"yoast_head":"<!-- This site is optimized with the Yoast SEO plugin v27.4 - https:\/\/yoast.com\/product\/yoast-seo-wordpress\/ -->\n<title>Association charter - Host Nation Council Spangdahlem e. V.<\/title>\n<meta name=\"description\" content=\"Here you can find the charter of the Host Nation Council Spangdahlem e.V. | For further information please feel free to contact our association\" \/>\n<meta name=\"robots\" content=\"index, follow, max-snippet:-1, max-image-preview:large, max-video-preview:-1\" \/>\n<link rel=\"canonical\" href=\"https:\/\/hostnationcouncil.de\/en\/association-charter\" \/>\n<meta property=\"og:locale\" content=\"en_US\" \/>\n<meta property=\"og:type\" content=\"article\" \/>\n<meta property=\"og:title\" content=\"Association charter - Host Nation Council Spangdahlem e. V.\" \/>\n<meta property=\"og:description\" content=\"Here you can find the charter of the Host Nation Council Spangdahlem e.V. | For further information please feel free to contact our association\" \/>\n<meta property=\"og:url\" content=\"https:\/\/hostnationcouncil.de\/en\/association-charter\" \/>\n<meta property=\"og:site_name\" content=\"Host Nation Council Spangdahlem e. V.\" \/>\n<meta property=\"article:publisher\" content=\"https:\/\/www.facebook.com\/hostnationcouncil\/\" \/>\n<meta property=\"article:modified_time\" content=\"2025-05-28T14:44:51+00:00\" \/>\n<meta name=\"twitter:card\" content=\"summary_large_image\" \/>\n<meta name=\"twitter:label1\" content=\"Est. reading time\" \/>\n\t<meta name=\"twitter:data1\" content=\"9 minutes\" \/>\n<script type=\"application\/ld+json\" class=\"yoast-schema-graph\">{\"@context\":\"https:\\\/\\\/schema.org\",\"@graph\":[{\"@type\":\"WebPage\",\"@id\":\"https:\\\/\\\/hostnationcouncil.de\\\/en\\\/association-charter\",\"url\":\"https:\\\/\\\/hostnationcouncil.de\\\/en\\\/association-charter\",\"name\":\"Association charter - Host Nation Council Spangdahlem e. V.\",\"isPartOf\":{\"@id\":\"https:\\\/\\\/hostnationcouncil.de\\\/en#website\"},\"datePublished\":\"2022-04-05T13:41:15+00:00\",\"dateModified\":\"2025-05-28T14:44:51+00:00\",\"description\":\"Here you can find the charter of the Host Nation Council Spangdahlem e.V. | For further information please feel free to contact our association\",\"breadcrumb\":{\"@id\":\"https:\\\/\\\/hostnationcouncil.de\\\/en\\\/association-charter#breadcrumb\"},\"inLanguage\":\"en-US\",\"potentialAction\":[{\"@type\":\"ReadAction\",\"target\":[\"https:\\\/\\\/hostnationcouncil.de\\\/en\\\/association-charter\"]}]},{\"@type\":\"BreadcrumbList\",\"@id\":\"https:\\\/\\\/hostnationcouncil.de\\\/en\\\/association-charter#breadcrumb\",\"itemListElement\":[{\"@type\":\"ListItem\",\"position\":1,\"name\":\"Startseite\",\"item\":\"https:\\\/\\\/hostnationcouncil.de\\\/en\"},{\"@type\":\"ListItem\",\"position\":2,\"name\":\"Association charter\"}]},{\"@type\":\"WebSite\",\"@id\":\"https:\\\/\\\/hostnationcouncil.de\\\/en#website\",\"url\":\"https:\\\/\\\/hostnationcouncil.de\\\/en\",\"name\":\"Host Nation Council Spangdahlem e. V.\",\"description\":\"Der Verein will durch seine Arbeit die Bedeutung der Anwesenheit der amerikanischen Streitkr\u00e4fte in der Region Trier hervorheben, ihren Stellenwert als Wirtschaftsfaktor unterstreichen und f\u00fcr sie in ihrer zweiten Heimat den Mittelpunkt des deutsch-amerikanischen Zusammenlebens darstellen.\",\"publisher\":{\"@id\":\"https:\\\/\\\/hostnationcouncil.de\\\/en#organization\"},\"potentialAction\":[{\"@type\":\"SearchAction\",\"target\":{\"@type\":\"EntryPoint\",\"urlTemplate\":\"https:\\\/\\\/hostnationcouncil.de\\\/en?s={search_term_string}\"},\"query-input\":{\"@type\":\"PropertyValueSpecification\",\"valueRequired\":true,\"valueName\":\"search_term_string\"}}],\"inLanguage\":\"en-US\"},{\"@type\":\"Organization\",\"@id\":\"https:\\\/\\\/hostnationcouncil.de\\\/en#organization\",\"name\":\"Host Nation Council Spangdahlem e. V.\",\"url\":\"https:\\\/\\\/hostnationcouncil.de\\\/en\",\"logo\":{\"@type\":\"ImageObject\",\"inLanguage\":\"en-US\",\"@id\":\"https:\\\/\\\/hostnationcouncil.de\\\/en#\\\/schema\\\/logo\\\/image\\\/\",\"url\":\"https:\\\/\\\/hostnationcouncil.de\\\/wp-content\\\/uploads\\\/2022\\\/04\\\/logo-host-nation-council.png\",\"contentUrl\":\"https:\\\/\\\/hostnationcouncil.de\\\/wp-content\\\/uploads\\\/2022\\\/04\\\/logo-host-nation-council.png\",\"width\":476,\"height\":100,\"caption\":\"Host Nation Council Spangdahlem e. V.\"},\"image\":{\"@id\":\"https:\\\/\\\/hostnationcouncil.de\\\/en#\\\/schema\\\/logo\\\/image\\\/\"},\"sameAs\":[\"https:\\\/\\\/www.facebook.com\\\/hostnationcouncil\\\/\"]}]}<\/script>\n<!-- \/ Yoast SEO plugin. -->","yoast_head_json":{"title":"Association charter - Host Nation Council Spangdahlem e. V.","description":"Here you can find the charter of the Host Nation Council Spangdahlem e.V. | For further information please feel free to contact our association","robots":{"index":"index","follow":"follow","max-snippet":"max-snippet:-1","max-image-preview":"max-image-preview:large","max-video-preview":"max-video-preview:-1"},"canonical":"https:\/\/hostnationcouncil.de\/en\/association-charter","og_locale":"en_US","og_type":"article","og_title":"Association charter - Host Nation Council Spangdahlem e. V.","og_description":"Here you can find the charter of the Host Nation Council Spangdahlem e.V. | For further information please feel free to contact our association","og_url":"https:\/\/hostnationcouncil.de\/en\/association-charter","og_site_name":"Host Nation Council Spangdahlem e. V.","article_publisher":"https:\/\/www.facebook.com\/hostnationcouncil\/","article_modified_time":"2025-05-28T14:44:51+00:00","twitter_card":"summary_large_image","twitter_misc":{"Est. reading time":"9 minutes"},"schema":{"@context":"https:\/\/schema.org","@graph":[{"@type":"WebPage","@id":"https:\/\/hostnationcouncil.de\/en\/association-charter","url":"https:\/\/hostnationcouncil.de\/en\/association-charter","name":"Association charter - Host Nation Council Spangdahlem e. V.","isPartOf":{"@id":"https:\/\/hostnationcouncil.de\/en#website"},"datePublished":"2022-04-05T13:41:15+00:00","dateModified":"2025-05-28T14:44:51+00:00","description":"Here you can find the charter of the Host Nation Council Spangdahlem e.V. | For further information please feel free to contact our association","breadcrumb":{"@id":"https:\/\/hostnationcouncil.de\/en\/association-charter#breadcrumb"},"inLanguage":"en-US","potentialAction":[{"@type":"ReadAction","target":["https:\/\/hostnationcouncil.de\/en\/association-charter"]}]},{"@type":"BreadcrumbList","@id":"https:\/\/hostnationcouncil.de\/en\/association-charter#breadcrumb","itemListElement":[{"@type":"ListItem","position":1,"name":"Startseite","item":"https:\/\/hostnationcouncil.de\/en"},{"@type":"ListItem","position":2,"name":"Association charter"}]},{"@type":"WebSite","@id":"https:\/\/hostnationcouncil.de\/en#website","url":"https:\/\/hostnationcouncil.de\/en","name":"Host Nation Council Spangdahlem e. V.","description":"Der Verein will durch seine Arbeit die Bedeutung der Anwesenheit der amerikanischen Streitkr\u00e4fte in der Region Trier hervorheben, ihren Stellenwert als Wirtschaftsfaktor unterstreichen und f\u00fcr sie in ihrer zweiten Heimat den Mittelpunkt des deutsch-amerikanischen Zusammenlebens darstellen.","publisher":{"@id":"https:\/\/hostnationcouncil.de\/en#organization"},"potentialAction":[{"@type":"SearchAction","target":{"@type":"EntryPoint","urlTemplate":"https:\/\/hostnationcouncil.de\/en?s={search_term_string}"},"query-input":{"@type":"PropertyValueSpecification","valueRequired":true,"valueName":"search_term_string"}}],"inLanguage":"en-US"},{"@type":"Organization","@id":"https:\/\/hostnationcouncil.de\/en#organization","name":"Host Nation Council Spangdahlem e. V.","url":"https:\/\/hostnationcouncil.de\/en","logo":{"@type":"ImageObject","inLanguage":"en-US","@id":"https:\/\/hostnationcouncil.de\/en#\/schema\/logo\/image\/","url":"https:\/\/hostnationcouncil.de\/wp-content\/uploads\/2022\/04\/logo-host-nation-council.png","contentUrl":"https:\/\/hostnationcouncil.de\/wp-content\/uploads\/2022\/04\/logo-host-nation-council.png","width":476,"height":100,"caption":"Host Nation Council Spangdahlem e. V."},"image":{"@id":"https:\/\/hostnationcouncil.de\/en#\/schema\/logo\/image\/"},"sameAs":["https:\/\/www.facebook.com\/hostnationcouncil\/"]}]}},"_links":{"self":[{"href":"https:\/\/hostnationcouncil.de\/en\/wp-json\/wp\/v2\/pages\/2626","targetHints":{"allow":["GET"]}}],"collection":[{"href":"https:\/\/hostnationcouncil.de\/en\/wp-json\/wp\/v2\/pages"}],"about":[{"href":"https:\/\/hostnationcouncil.de\/en\/wp-json\/wp\/v2\/types\/page"}],"author":[{"embeddable":true,"href":"https:\/\/hostnationcouncil.de\/en\/wp-json\/wp\/v2\/users\/1"}],"replies":[{"embeddable":true,"href":"https:\/\/hostnationcouncil.de\/en\/wp-json\/wp\/v2\/comments?post=2626"}],"version-history":[{"count":0,"href":"https:\/\/hostnationcouncil.de\/en\/wp-json\/wp\/v2\/pages\/2626\/revisions"}],"wp:attachment":[{"href":"https:\/\/hostnationcouncil.de\/en\/wp-json\/wp\/v2\/media?parent=2626"}],"curies":[{"name":"wp","href":"https:\/\/api.w.org\/{rel}","templated":true}]}}